{"id":2660,"date":"2025-03-19T07:19:33","date_gmt":"2025-03-19T06:19:33","guid":{"rendered":"https:\/\/www.hbc.insure\/?page_id=2660"},"modified":"2026-04-10T06:47:15","modified_gmt":"2026-04-10T05:47:15","slug":"barrierefreiheit","status":"publish","type":"page","link":"https:\/\/www.hbc.insure\/en\/barrierefreiheit\/","title":{"rendered":"Erkl\u00e4rung zur Barrierefreiheit"},"content":{"rendered":"<div data-elementor-type=\"wp-page\" data-elementor-id=\"2660\" class=\"elementor elementor-2660\" data-elementor-post-type=\"page\">\n\t\t\t\t<div class=\"elementor-element elementor-element-4df3f52 e-con-full e-flex e-con e-parent\" data-id=\"4df3f52\" data-element_type=\"container\" data-e-type=\"container\">\n\t\t\t\t<div class=\"elementor-element elementor-element-f29f72c elementor-widget elementor-widget-template\" data-id=\"f29f72c\" data-element_type=\"widget\" data-e-type=\"widget\" data-widget_type=\"template.default\">\n\t\t\t\t<div class=\"elementor-widget-container\">\n\t\t\t\t\t\t\t<div class=\"elementor-template\">\n\t\t\t\t\t<div data-elementor-type=\"section\" data-elementor-id=\"1780\" class=\"elementor elementor-1780\" data-elementor-post-type=\"elementor_library\">\n\t\t\t<div class=\"elementor-element elementor-element-4c157cb banner-single e-flex e-con-boxed e-con e-parent\" data-id=\"4c157cb\" data-element_type=\"container\" data-e-type=\"container\" data-settings=\"{&quot;background_background&quot;:&quot;classic&quot;}\">\n\t\t\t\t\t<div class=\"e-con-inner\">\n\t\t\t\t\t<\/div>\n\t\t\t\t<\/div>\n\t\t\t\t<\/div>\n\t\t\t\t<\/div>\n\t\t\t\t\t\t<\/div>\n\t\t\t\t<\/div>\n\t\t\t\t<\/div>\n\t\t<div class=\"elementor-element elementor-element-60bcbe8 e-flex e-con-boxed e-con e-parent\" data-id=\"60bcbe8\" data-element_type=\"container\" data-e-type=\"container\">\n\t\t\t\t\t<div class=\"e-con-inner\">\n\t\t\t\t<div class=\"elementor-element elementor-element-ff74ec9 elementor-widget elementor-widget-heading\" data-id=\"ff74ec9\" data-element_type=\"widget\" data-e-type=\"widget\" data-widget_type=\"heading.default\">\n\t\t\t\t<div class=\"elementor-widget-container\">\n\t\t\t\t\t<h1 class=\"elementor-heading-title elementor-size-default\">Erkl\u00e4rung zur Barrierefreiheit - Hanseatic Broking Center GmbH\n<\/h1>\t\t\t\t<\/div>\n\t\t\t\t<\/div>\n\t\t\t\t<div class=\"elementor-element elementor-element-0138a73 plaintext elementor-widget elementor-widget-text-editor\" data-id=\"0138a73\" data-element_type=\"widget\" data-e-type=\"widget\" data-widget_type=\"text-editor.default\">\n\t\t\t\t<div class=\"elementor-widget-container\">\n\t\t\t\t\t\t\t\t\t<div><p class=\"h5 fw300 doc-websiteUrl\">URL:\u00a0<a href=\"https:\/\/www.hbc.insure\/en\/\" target=\"_blank\" rel=\"noopener\">https:\/\/www.hbc.insure\/<\/a><\/p><p>Hanseatic Broking Center GmbH setzt sich daf\u00fcr ein, die digitale Barrierefreiheit f\u00fcr Menschen mit Behinderungen zu gew\u00e4hrleisten. Wir verbessern kontinuierlich die Benutzerfreundlichkeit f\u00fcr alle und wenden die entsprechenden Standards f\u00fcr die Zug\u00e4nglichkeit an.<\/p><\/div><div class=\"doc-multiple\" data-props=\"measeures|otherMeaseures\"><h2>Bem\u00fchungen zur Unterst\u00fctzung der Barrierefreiheit<\/h2><p>Hanseatic Broking Center GmbH ergreift die folgenden Ma\u00dfnahmen, um die Zug\u00e4nglichkeit zu gew\u00e4hrleisten:<\/p><ul class=\"doc-measeures mb0\"><li>Barrierefreiheit ist Teil unseres Leitbildes.<\/li><li>Die Zug\u00e4nglichkeit ist Teil unserer internen Richtlinien.<\/li><li>Die Barrierefreiheit ist in unsere Beschaffungspraxis integriert.<\/li><li>F\u00fcr die Mitarbeiter wird eine kontinuierliche Schulung zur Barrierefreiheit angeboten.<\/li><\/ul><\/div><div class=\"doc-multiple\" data-props=\"conformanceStatus|standardsApplied|otherStandardsApplied|additionalRequirements\"><h2>Konformit\u00e4tsstatus<\/h2><div class=\"doc-standardsApplied\"><h3>Aktueller Standard der Barrierefreiheit der Website:<\/h3><p>WCAG 2.1 Level AA<\/p><\/div><h3>Aktueller Status der Inhaltskonformit\u00e4t:<\/h3><p class=\"doc-conformanceStatus\">Vollst\u00e4ndig konform: Der Inhalt entspricht ohne Ausnahmen vollst\u00e4ndig dem Standard f\u00fcr Barrierefreiheit.<\/p><\/div><div class=\"doc-limitations\"><h2>Bekannte Probleme bei der Barrierefreiheit<\/h2><p>Trotz unserer Bem\u00fchungen k\u00f6nnen bei den Benutzern einige Probleme auftreten. Dies ist eine Beschreibung der bekannten Probleme bei der Barrierefreiheit. Bitte kontaktieren Sie uns, wenn Sie ein Problem beobachten, das nicht aufgef\u00fchrt ist.bserve an issue that is not listed.<\/p><p><strong>Videos:<\/strong><br \/>Video im Header hat keine Untertitel.<\/p><\/div><div class=\"doc-multiple\" data-props=\"browsers|assistiveTechnologies\"><h2>Kompatibilit\u00e4t mit Browsern und unterst\u00fctzenden Technologien<\/h2><div class=\"doc-browsers\"><p>Diese Website ist so konzipiert, dass sie mit den folgenden Browsern kompatibel ist:<\/p><ul><li>Internet Explorer Windows<\/li><li>Google Chrome<\/li><li>Safari<\/li><li>Firefox<\/li><\/ul><\/div><div class=\"doc-assistiveTechnologies\"><p>Diese Website ist so konzipiert, dass sie mit den folgenden unterst\u00fctzenden Technologien kompatibel ist:<\/p><ul><li>WordPress<\/li><li>Google Tag Manager<\/li><li>User Centrics<\/li><\/ul><\/div><\/div><div class=\"doc-multiple\" data-props=\"technologies|otherTechnologies\"><h2>Technologien<\/h2><p>Die Barrierefreiheit dieser Website h\u00e4ngt von den folgenden Technologien ab, um zu funktionieren:<\/p><ul class=\"doc-technologies mb0\"><li>HTML<\/li><li>CSS<\/li><li>Javascript<\/li><\/ul><\/div><div class=\"doc-multiple\" data-props=\"approach|otherApproach\"><h2>Bewertungsmethoden<\/h2><p>Hanseatic Broking Center GmbH die Barrierefreiheit dieser Website mit Hilfe der folgenden Methode(n) bewertet:<\/p><ul class=\"doc-approach mb0\"><li>Selbsteinsch\u00e4tzung: Die Website wurde intern von dem Unternehmen oder der Organisation bewertet.<\/li><\/ul><\/div><div class=\"doc-multiple\" data-props=\"phone|email|postalAddress|responseDuration\"><h2>Feedback-Prozess<\/h2><p>Wir freuen uns \u00fcber Ihr Feedback zur Barrierefreiheit dieser Website. Bitte kontaktieren Sie uns auf eine der folgenden Arten:<\/p><ul><li class=\"doc-phone\">Telefon: +49 (0) 40 4011347 0<\/li><li class=\"doc-email\">E-Mail:\u00a0<a href=\"mailto:info@hbc.insure\">info@hbc.insure<\/a> oder \u00fcber das <a href=\"https:\/\/www.hbc.insure\/en\/kontakt\/\" rel=\"noopener\" data-start=\"148\" data-end=\"168\">Contact Form<\/a> auf unserer Kontaktseite.<\/li><li class=\"doc-postalAddress\">Firmenanschrift: Herrengraben 1, 20459, Hamburg, Deutschland<\/li><li>Alternativ k\u00f6nnen Sie uns auch \u00fcber das Kontaktformular.<\/li><\/ul><p class=\"doc-responseDuration\">Wir sind bestrebt, Ihnen R\u00fcckmeldungen zu geben innerhalb von 5 Arbeitstage.<\/p><\/div><div class=\"doc-processesDescription\"><h2>Diese Erkl\u00e4rung zur Barrierefreiheit wird genehmigt von:<\/h2><p>Sie sind berechtigt eine Beschwerde \u00fcber https:\/\/hbc-gmbh.personiowhistleblowing.com\/ einzureichen.<\/p><\/div><div class=\"doc-multiple\" data-props=\"processesName|processesFunction\"><h2>Formelle Genehmigung dieser Erkl\u00e4rung zur Barrierefreiheit<\/h2><p>This accessibility statement is approved by:<\/p><p class=\"doc-orgName mb0\">Hanseatic Broking Center GmbH<br \/>Johannes Schmidt<br \/>COO<\/p><div class=\"doc-publicationDate\"><hr \/><p>Diese Erkl\u00e4rung wurde erstellt am 20.02.2025 unter Verwendung der\u00a0<a href=\"https:\/\/siteimprove.com\/de\/toolkit\/accessibility-statement-generator\/\">Siteimprove Accessibility Statement Generator Tool<\/a>.<\/p><\/div><\/div>\t\t\t\t\t\t\t\t<\/div>\n\t\t\t\t<\/div>\n\t\t\t\t\t<\/div>\n\t\t\t\t<\/div>\n\t\t\t\t<\/div>","protected":false},"excerpt":{"rendered":"<p>Erkl\u00e4rung zur Barrierefreiheit &#8211; Hanseatic Broking Center GmbH URL:\u00a0https:\/\/www.hbc.insure\/ Hanseatic Broking Center GmbH setzt sich daf\u00fcr ein, die digitale Barrierefreiheit f\u00fcr Menschen mit Behinderungen zu gew\u00e4hrleisten. Wir verbessern kontinuierlich die Benutzerfreundlichkeit f\u00fcr alle und wenden die entsprechenden Standards f\u00fcr die Zug\u00e4nglichkeit an. Bem\u00fchungen zur Unterst\u00fctzung der Barrierefreiheit Hanseatic Broking Center GmbH ergreift die folgenden Ma\u00dfnahmen, [&hellip;]<\/p>\n","protected":false},"author":1,"featured_media":0,"parent":0,"menu_order":0,"comment_status":"closed","ping_status":"closed","template":"","meta":{"_acf_changed":false,"footnotes":""},"class_list":["post-2660","page","type-page","status-publish","hentry"],"acf":[],"yoast_head":"<!-- This site is optimized with the Yoast SEO plugin v27.4 - https:\/\/yoast.com\/product\/yoast-seo-wordpress\/ -->\n<title>Erkl\u00e4rung zur Barrierefreiheit - HBC<\/title>\n<meta name=\"robots\" content=\"index, follow, max-snippet:-1, max-image-preview:large, max-video-preview:-1\" \/>\n<link rel=\"canonical\" href=\"https:\/\/www.hbc.insure\/en\/barrierefreiheit\/\" \/>\n<meta property=\"og:locale\" content=\"en_US\" \/>\n<meta property=\"og:type\" content=\"article\" \/>\n<meta property=\"og:title\" content=\"Erkl\u00e4rung zur Barrierefreiheit - HBC\" \/>\n<meta property=\"og:description\" content=\"Erkl\u00e4rung zur Barrierefreiheit &#8211; Hanseatic Broking Center GmbH URL:\u00a0https:\/\/www.hbc.insure\/ Hanseatic Broking Center GmbH setzt sich daf\u00fcr ein, die digitale Barrierefreiheit f\u00fcr Menschen mit Behinderungen zu gew\u00e4hrleisten. Wir verbessern kontinuierlich die Benutzerfreundlichkeit f\u00fcr alle und wenden die entsprechenden Standards f\u00fcr die Zug\u00e4nglichkeit an. Bem\u00fchungen zur Unterst\u00fctzung der Barrierefreiheit Hanseatic Broking Center GmbH ergreift die folgenden Ma\u00dfnahmen, [&hellip;]\" \/>\n<meta property=\"og:url\" content=\"https:\/\/www.hbc.insure\/en\/barrierefreiheit\/\" \/>\n<meta property=\"og:site_name\" content=\"HBC\" \/>\n<meta property=\"article:modified_time\" content=\"2026-04-10T05:47:15+00:00\" \/>\n<meta name=\"twitter:card\" content=\"summary_large_image\" \/>\n<meta name=\"twitter:label1\" content=\"Est. reading time\" \/>\n\t<meta name=\"twitter:data1\" content=\"2 minutes\" \/>\n<script type=\"application\/ld+json\" class=\"yoast-schema-graph\">{\"@context\":\"https:\\\/\\\/schema.org\",\"@graph\":[{\"@type\":\"WebPage\",\"@id\":\"https:\\\/\\\/www.hbc.insure\\\/barrierefreiheit\\\/\",\"url\":\"https:\\\/\\\/www.hbc.insure\\\/barrierefreiheit\\\/\",\"name\":\"Erkl\u00e4rung zur Barrierefreiheit - HBC\",\"isPartOf\":{\"@id\":\"https:\\\/\\\/www.hbc.insure\\\/#website\"},\"datePublished\":\"2025-03-19T06:19:33+00:00\",\"dateModified\":\"2026-04-10T05:47:15+00:00\",\"breadcrumb\":{\"@id\":\"https:\\\/\\\/www.hbc.insure\\\/barrierefreiheit\\\/#breadcrumb\"},\"inLanguage\":\"en-US\",\"potentialAction\":[{\"@type\":\"ReadAction\",\"target\":[\"https:\\\/\\\/www.hbc.insure\\\/barrierefreiheit\\\/\"]}]},{\"@type\":\"BreadcrumbList\",\"@id\":\"https:\\\/\\\/www.hbc.insure\\\/barrierefreiheit\\\/#breadcrumb\",\"itemListElement\":[{\"@type\":\"ListItem\",\"position\":1,\"name\":\"Home\",\"item\":\"https:\\\/\\\/www.hbc.insure\\\/\"},{\"@type\":\"ListItem\",\"position\":2,\"name\":\"Erkl\u00e4rung zur Barrierefreiheit\"}]},{\"@type\":\"WebSite\",\"@id\":\"https:\\\/\\\/www.hbc.insure\\\/#website\",\"url\":\"https:\\\/\\\/www.hbc.insure\\\/\",\"name\":\"HBC\",\"description\":\"\",\"publisher\":{\"@id\":\"https:\\\/\\\/www.hbc.insure\\\/#organization\"},\"potentialAction\":[{\"@type\":\"SearchAction\",\"target\":{\"@type\":\"EntryPoint\",\"urlTemplate\":\"https:\\\/\\\/www.hbc.insure\\\/?s={search_term_string}\"},\"query-input\":{\"@type\":\"PropertyValueSpecification\",\"valueRequired\":true,\"valueName\":\"search_term_string\"}}],\"inLanguage\":\"en-US\"},{\"@type\":\"Organization\",\"@id\":\"https:\\\/\\\/www.hbc.insure\\\/#organization\",\"name\":\"HBC\",\"url\":\"https:\\\/\\\/www.hbc.insure\\\/\",\"logo\":{\"@type\":\"ImageObject\",\"inLanguage\":\"en-US\",\"@id\":\"https:\\\/\\\/www.hbc.insure\\\/#\\\/schema\\\/logo\\\/image\\\/\",\"url\":\"https:\\\/\\\/www.hbc.insure\\\/wp-content\\\/uploads\\\/2024\\\/10\\\/logo-hbc-color.svg\",\"contentUrl\":\"https:\\\/\\\/www.hbc.insure\\\/wp-content\\\/uploads\\\/2024\\\/10\\\/logo-hbc-color.svg\",\"width\":80,\"height\":62,\"caption\":\"HBC\"},\"image\":{\"@id\":\"https:\\\/\\\/www.hbc.insure\\\/#\\\/schema\\\/logo\\\/image\\\/\"},\"sameAs\":[\"https:\\\/\\\/www.linkedin.com\\\/company\\\/hbc-gruppe\\\/\"]}]}<\/script>\n<!-- \/ Yoast SEO plugin. -->","yoast_head_json":{"title":"Erkl\u00e4rung zur Barrierefreiheit - HBC","robots":{"index":"index","follow":"follow","max-snippet":"max-snippet:-1","max-image-preview":"max-image-preview:large","max-video-preview":"max-video-preview:-1"},"canonical":"https:\/\/www.hbc.insure\/en\/barrierefreiheit\/","og_locale":"en_US","og_type":"article","og_title":"Erkl\u00e4rung zur Barrierefreiheit - HBC","og_description":"Erkl\u00e4rung zur Barrierefreiheit &#8211; Hanseatic Broking Center GmbH URL:\u00a0https:\/\/www.hbc.insure\/ Hanseatic Broking Center GmbH setzt sich daf\u00fcr ein, die digitale Barrierefreiheit f\u00fcr Menschen mit Behinderungen zu gew\u00e4hrleisten. Wir verbessern kontinuierlich die Benutzerfreundlichkeit f\u00fcr alle und wenden die entsprechenden Standards f\u00fcr die Zug\u00e4nglichkeit an. Bem\u00fchungen zur Unterst\u00fctzung der Barrierefreiheit Hanseatic Broking Center GmbH ergreift die folgenden Ma\u00dfnahmen, [&hellip;]","og_url":"https:\/\/www.hbc.insure\/en\/barrierefreiheit\/","og_site_name":"HBC","article_modified_time":"2026-04-10T05:47:15+00:00","twitter_card":"summary_large_image","twitter_misc":{"Est. reading time":"2 minutes"},"schema":{"@context":"https:\/\/schema.org","@graph":[{"@type":"WebPage","@id":"https:\/\/www.hbc.insure\/barrierefreiheit\/","url":"https:\/\/www.hbc.insure\/barrierefreiheit\/","name":"Erkl\u00e4rung zur Barrierefreiheit - HBC","isPartOf":{"@id":"https:\/\/www.hbc.insure\/#website"},"datePublished":"2025-03-19T06:19:33+00:00","dateModified":"2026-04-10T05:47:15+00:00","breadcrumb":{"@id":"https:\/\/www.hbc.insure\/barrierefreiheit\/#breadcrumb"},"inLanguage":"en-US","potentialAction":[{"@type":"ReadAction","target":["https:\/\/www.hbc.insure\/barrierefreiheit\/"]}]},{"@type":"BreadcrumbList","@id":"https:\/\/www.hbc.insure\/barrierefreiheit\/#breadcrumb","itemListElement":[{"@type":"ListItem","position":1,"name":"Home","item":"https:\/\/www.hbc.insure\/"},{"@type":"ListItem","position":2,"name":"Erkl\u00e4rung zur Barrierefreiheit"}]},{"@type":"WebSite","@id":"https:\/\/www.hbc.insure\/#website","url":"https:\/\/www.hbc.insure\/","name":"HBC","description":"","publisher":{"@id":"https:\/\/www.hbc.insure\/#organization"},"potentialAction":[{"@type":"SearchAction","target":{"@type":"EntryPoint","urlTemplate":"https:\/\/www.hbc.insure\/?s={search_term_string}"},"query-input":{"@type":"PropertyValueSpecification","valueRequired":true,"valueName":"search_term_string"}}],"inLanguage":"en-US"},{"@type":"Organization","@id":"https:\/\/www.hbc.insure\/#organization","name":"HBC","url":"https:\/\/www.hbc.insure\/","logo":{"@type":"ImageObject","inLanguage":"en-US","@id":"https:\/\/www.hbc.insure\/#\/schema\/logo\/image\/","url":"https:\/\/www.hbc.insure\/wp-content\/uploads\/2024\/10\/logo-hbc-color.svg","contentUrl":"https:\/\/www.hbc.insure\/wp-content\/uploads\/2024\/10\/logo-hbc-color.svg","width":80,"height":62,"caption":"HBC"},"image":{"@id":"https:\/\/www.hbc.insure\/#\/schema\/logo\/image\/"},"sameAs":["https:\/\/www.linkedin.com\/company\/hbc-gruppe\/"]}]}},"_links":{"self":[{"href":"https:\/\/www.hbc.insure\/en\/wp-json\/wp\/v2\/pages\/2660","targetHints":{"allow":["GET"]}}],"collection":[{"href":"https:\/\/www.hbc.insure\/en\/wp-json\/wp\/v2\/pages"}],"about":[{"href":"https:\/\/www.hbc.insure\/en\/wp-json\/wp\/v2\/types\/page"}],"author":[{"embeddable":true,"href":"https:\/\/www.hbc.insure\/en\/wp-json\/wp\/v2\/users\/1"}],"replies":[{"embeddable":true,"href":"https:\/\/www.hbc.insure\/en\/wp-json\/wp\/v2\/comments?post=2660"}],"version-history":[{"count":10,"href":"https:\/\/www.hbc.insure\/en\/wp-json\/wp\/v2\/pages\/2660\/revisions"}],"predecessor-version":[{"id":5682,"href":"https:\/\/www.hbc.insure\/en\/wp-json\/wp\/v2\/pages\/2660\/revisions\/5682"}],"wp:attachment":[{"href":"https:\/\/www.hbc.insure\/en\/wp-json\/wp\/v2\/media?parent=2660"}],"curies":[{"name":"wp","href":"https:\/\/api.w.org\/{rel}","templated":true}]}}